{"id":844,"date":"2022-09-05T00:22:53","date_gmt":"2022-09-04T21:22:53","guid":{"rendered":"http:\/\/www.parsonyar.com\/?page_id=844"},"modified":"2023-01-17T14:19:19","modified_gmt":"2023-01-17T11:19:19","slug":"satis-sozlesmesi","status":"publish","type":"page","link":"https:\/\/www.parsonyar.com\/ar\/satis-sozlesmesi\/","title":{"rendered":"Sat\u0131\u015f S\u00f6zle\u015fmesi"},"content":{"rendered":"<p class=\"qtranxs-available-languages-message qtranxs-available-languages-message-ar\">\u0639\u0641\u0648\u0627\u060c \u0647\u0630\u0647 \u0627\u0644\u0645\u062f\u062e\u0644\u0629 \u0645\u0648\u062c\u0648\u062f\u0629 \u0641\u0642\u0637 \u0641\u064a <a href=\"https:\/\/www.parsonyar.com\/tr\/wp-json\/wp\/v2\/pages\/844\" class=\"qtranxs-available-language-link qtranxs-available-language-link-tr\" title=\"Turkish\">\u0627\u0644\u062a\u0631\u0643\u064a\u0629<\/a>.<\/p>","protected":false},"excerpt":{"rendered":"<p>\u0639\u0641\u0648\u0627\u060c \u0647\u0630\u0647 \u0627\u0644\u0645\u062f\u062e\u0644\u0629 \u0645\u0648\u062c\u0648\u062f\u0629 \u0641\u0642\u0637 \u0641\u064a \u0627\u0644\u062a\u0631\u0643\u064a\u0629.<\/p>\n","protected":false},"author":1,"featured_media":0,"parent":0,"menu_order":0,"comment_status":"closed","ping_status":"closed","template":"","meta":[],"_links":{"self":[{"href":"https:\/\/www.parsonyar.com\/ar\/wp-json\/wp\/v2\/pages\/844"}],"collection":[{"href":"https:\/\/www.parsonyar.com\/ar\/wp-json\/wp\/v2\/pages"}],"about":[{"href":"https:\/\/www.parsonyar.com\/ar\/wp-json\/wp\/v2\/types\/page"}],"author":[{"embeddable":true,"href":"https:\/\/www.parsonyar.com\/ar\/wp-json\/wp\/v2\/users\/1"}],"replies":[{"embeddable":true,"href":"https:\/\/www.parsonyar.com\/ar\/wp-json\/wp\/v2\/comments?post=844"}],"version-history":[{"count":3,"href":"https:\/\/www.parsonyar.com\/ar\/wp-json\/wp\/v2\/pages\/844\/revisions"}],"predecessor-version":[{"id":1663,"href":"https:\/\/www.parsonyar.com\/ar\/wp-json\/wp\/v2\/pages\/844\/revisions\/1663"}],"wp:attachment":[{"href":"https:\/\/www.parsonyar.com\/ar\/wp-json\/wp\/v2\/media?parent=844"}],"curies":[{"name":"wp","href":"https:\/\/api.w.org\/{rel}","templated":true}]}}