{"id":15,"date":"2014-11-11T11:14:30","date_gmt":"2014-11-11T11:14:30","guid":{"rendered":"http:\/\/anpsthemes.com\/constructo\/?page_id=15"},"modified":"2023-02-19T23:51:28","modified_gmt":"2023-02-19T20:51:28","slug":"contact-us","status":"publish","type":"page","link":"https:\/\/www.parsonyar.com\/ar\/contact-us\/","title":{"rendered":"Contact us"},"content":{"rendered":"<p>[vc_row css=&#8221;.vc_custom_1669839915529{margin-top: 35px !important;padding-bottom: 20px !important;}&#8221;][vc_column width=&#8221;1\/2&#8243;][vc_empty_space][vc_column_text]<\/p>\n<h3><strong>PARSON<\/strong><\/h3>\n<h3><strong>Adres: <\/strong>Me\u015frutiyet Mah. Hac\u0131mansur Sk. G\u00fcn Apt. No:25 D \u015ei\u015fli \/ \u0130stanbul<\/h3>\n<h3><strong>Telefon:<\/strong> 0212 234 68 66 &#8211; 0534 854 6866<\/h3>\n<h3><strong>E-posta:<\/strong> info@parson.com<\/h3>\n<h3>Vergi Dairesi: MEC\u0130D\u0130YEK\u00d6Y VERG\u0130 DA\u0130RES\u0130 &#8211;\u00a0 722 101 24 79<\/h3>\n<h3>MERS\u0130S NO: 0722101247900001<\/h3>\n<p>[\/vc_column_text][vc_empty_space][vc_row_inner][vc_column_inner width=&#8221;1\/6&#8243;][vc_single_image image=&#8221;1593&#8243; img_size=&#8221;40*40&#8243; alignment=&#8221;center&#8221;][\/vc_column_inner][vc_column_inner width=&#8221;1\/6&#8243;][vc_single_image image=&#8221;1594&#8243; img_size=&#8221;40*40&#8243; alignment=&#8221;center&#8221;][\/vc_column_inner][vc_column_inner width=&#8221;1\/6&#8243;][vc_single_image image=&#8221;1595&#8243; img_size=&#8221;40*40&#8243; alignment=&#8221;center&#8221;][\/vc_column_inner][vc_column_inner width=&#8221;1\/6&#8243;][\/vc_column_inner][vc_column_inner width=&#8221;1\/6&#8243;][\/vc_column_inner][vc_column_inner width=&#8221;1\/6&#8243;][\/vc_column_inner][\/vc_row_inner][\/vc_column][vc_column width=&#8221;1\/2&#8243;][vc_column_text]<iframe loading=\"lazy\" style=\"border: 0;\" src=\"https:\/\/www.google.com\/maps\/embed?pb=!1m18!1m12!1m3!1d3008.7202227583807!2d28.98908831548013!3d41.053246979296254!2m3!1f0!2f0!3f0!3m2!1i1024!2i768!4f13.1!3m3!1m2!1s0x14cab7b50a4f7f71%3A0x6bece0a494807497!2sParson!5e0!3m2!1str!2str!4v1662333893861!5m2!1str!2str\" width=\"600\" height=\"400\" allowfullscreen=\"allowfullscreen\"><\/iframe>[\/vc_column_text][\/vc_column][\/vc_row][vc_row css=&#8221;.vc_custom_1669840163622{margin-top: 35px !important;margin-bottom: 35px !important;}&#8221;][vc_column]<h1 class='heading-middle  style-1' ><span>MA\u011eAZAMIZI \u0130NCELEY\u0130N<\/span><\/h1>[\/vc_column][\/vc_row][vc_row][vc_column][vc_column_text]<iframe loading=\"lazy\" src=\"https:\/\/kuula.co\/share\/collection\/7vNFJ?logo=-1&amp;info=0&amp;fs=1&amp;vr=1&amp;autorotate=0.02&amp;thumbs=3&amp;inst=0\" width=\"1200px\" height=\"500px\"><\/iframe>[\/vc_column_text][\/vc_column][\/vc_row][vc_row css=&#8221;.vc_custom_1662335414793{margin-top: 60px !important;}&#8221;][vc_column][vc_column_text]<\/p>\n<h1 class=\"woodmart-title-container title wd-fontsize-l\" style=\"text-align: center;\">SIK SORULAN SORULAR<\/h1>\n<p>[\/vc_column_text][\/vc_column][\/vc_row][vc_row css=&#8221;.vc_custom_1669840601139{margin-top: 60px !important;margin-bottom: 35px !important;}&#8221;][vc_column width=&#8221;1\/2&#8243;]<div class=\"panel-group panel-style-3\" id=\"accordion5\"><div class=\"panel\">\n                <div class=\"panel-heading\">\n                    <h4 class=\"panel-title\">\n                        <a data-toggle=\"collapse\"  class='collapsed' href=\"#collapse25\">\u00d6DEME SE\u00c7ENEKLER\u0130M NELER?<\/a>\n                    <\/h4>\n                <\/div>\n                <div id=\"collapse25\" class=\"panel-collapse collapse\">\n                    <div class=\"panel-body\">[vc_column_text]\u00d6demelerinizi, tercihinize g\u00f6re iyzico \u00fczerinden kredi kart\u0131n\u0131zla veya havale\/eft se\u00e7ene\u011fiyle ger\u00e7ekle\u015ftirebilirsiniz. Ayr\u0131ca kap\u0131da \u00f6deme se\u00e7ene\u011fimiz de mevcuttur.[\/vc_column_text]<\/div>\n                <\/div>\n            <\/div><div class=\"panel\">\n                <div class=\"panel-heading\">\n                    <h4 class=\"panel-title\">\n                        <a data-toggle=\"collapse\"  class='collapsed' href=\"#collapse26\">S\u0130PAR\u0130\u015e ETT\u0130\u011e\u0130M \u00dcR\u00dcN KA\u00c7 G\u00dcN \u0130\u00c7\u0130NDE BANA ULA\u015eACAK?<\/a>\n                    <\/h4>\n                <\/div>\n                <div id=\"collapse26\" class=\"panel-collapse collapse\">\n                    <div class=\"panel-body\">[vc_column_text]Sipari\u015fler 3 ila 5 i\u015f g\u00fcn\u00fc i\u00e7erisinde kargoya verilecektir.[\/vc_column_text]<\/div>\n                <\/div>\n            <\/div><div class=\"panel\">\n                <div class=\"panel-heading\">\n                    <h4 class=\"panel-title\">\n                        <a data-toggle=\"collapse\"  class='collapsed' href=\"#collapse27\">KARGO TESL\u0130MATI SIRASINDA NELERE D\u0130KKAT ETMEL\u0130Y\u0130M?<\/a>\n                    <\/h4>\n                <\/div>\n                <div id=\"collapse27\" class=\"panel-collapse collapse\">\n                    <div class=\"panel-body\">[vc_column_text]Kargo size teslim edildi\u011finde kolide ezilme, deformasyon, \u0131slakl\u0131k ya da \u00fcr\u00fcne zarar verebilecek bir durum s\u00f6z konusu ise, kargo g\u00f6revlisi ile birlikte koliyi a\u00e7arak \u00fcr\u00fcnlerinizin durumunu kontrol ediniz. \u00dcr\u00fcnlerde bir hasar g\u00f6rd\u00fc\u011f\u00fcn\u00fcz durumda, \u00fcr\u00fcnleri teslim almay\u0131p kargo yetkilisinden tutanak tutmas\u0131n\u0131 isteyiniz. Tutanak tutulan \u00fcr\u00fcnler kargo firmas\u0131 taraf\u0131ndan Pariamasumi.com\u2019a ula\u015ft\u0131r\u0131lacak ve taraf\u0131m\u0131zdan \u00fcr\u00fcnlerin de\u011fi\u015fimi yap\u0131lacakt\u0131r.[\/vc_column_text]<\/div>\n                <\/div>\n            <\/div><div class=\"panel\">\n                <div class=\"panel-heading\">\n                    <h4 class=\"panel-title\">\n                        <a data-toggle=\"collapse\"  class='collapsed' href=\"#collapse28\">KARGO \u00dcCRET\u0130 \u00d6DEYECEK M\u0130Y\u0130M?<\/a>\n                    <\/h4>\n                <\/div>\n                <div id=\"collapse28\" class=\"panel-collapse collapse\">\n                    <div class=\"panel-body\">[vc_column_text]Kargo \u00fccreti; yurt i\u00e7i sipari\u015flerde sat\u0131c\u0131, yurt d\u0131\u015f\u0131 sipari\u015flerde al\u0131c\u0131 taraf\u0131ndan yap\u0131lacakt\u0131r.[\/vc_column_text]<\/div>\n                <\/div>\n            <\/div><div class=\"panel\">\n                <div class=\"panel-heading\">\n                    <h4 class=\"panel-title\">\n                        <a data-toggle=\"collapse\"  class='collapsed' href=\"#collapse29\">\u0130ADE G\u00d6NDER\u0130LER\u0130N\u0130 NASIL YAPAB\u0130L\u0130R\u0130M?<\/a>\n                    <\/h4>\n                <\/div>\n                <div id=\"collapse29\" class=\"panel-collapse collapse\">\n                    <div class=\"panel-body\">[vc_column_text]Pariamasumi.com sitesinden ald\u0131\u011f\u0131n\u0131z \u00fcr\u00fcn\u00fc; fatura tarihinden itibaren 14 g\u00fcn i\u00e7erisinde taraf\u0131m\u0131za mail yoluyla iade sebebinizi bildirerek, \u00fcr\u00fcn\u00fc eksiksiz ve hasars\u0131z bir \u015fekilde paketi ve faturas\u0131yla birlikte, anla\u015fmal\u0131 kargo firmam\u0131za (Ptt Kargo) \u015firketimizin m\u00fc\u015fteri koduyla birlikte iade edebilirsiniz. M\u00fc\u015fteri kodunu size mail yoluyla bildirece\u011fiz. Bizimle ileti\u015fime ge\u00e7ebilece\u011finiz mail adresimiz; info@pariamasumi.com[\/vc_column_text]<\/div>\n                <\/div>\n            <\/div><div class=\"panel\">\n                <div class=\"panel-heading\">\n                    <h4 class=\"panel-title\">\n                        <a data-toggle=\"collapse\"  class='collapsed' href=\"#collapse30\">\u0130ADE \u0130\u015eLEM S\u00dcRES\u0130 KA\u00c7 G\u00dcND\u00dcR?<\/a>\n                    <\/h4>\n                <\/div>\n                <div id=\"collapse30\" class=\"panel-collapse collapse\">\n                    <div class=\"panel-body\">[vc_column_text]\u0130ade iste\u011finiz taraf\u0131m\u0131za ula\u015ft\u0131ktan sonra 10 g\u00fcn i\u00e7erisinde para iadeniz bankan\u0131za yap\u0131lacakt\u0131r. Yaln\u0131z banka taraf\u0131ndan size yap\u0131lacak olan \u00f6deme bankan\u0131z\u0131n sorumlulu\u011funda oldu\u011fu i\u00e7in s\u00fcrenin uzamas\u0131 durumunda bankan\u0131zla g\u00f6r\u00fc\u015fmeniz gerekmektedir.[\/vc_column_text]<\/div>\n                <\/div>\n            <\/div><\/div>[\/vc_column][vc_column width=&#8221;1\/2&#8243;]<div class=\"panel-group panel-style-3\" id=\"accordion6\"><div class=\"panel\">\n                <div class=\"panel-heading\">\n                    <h4 class=\"panel-title\">\n                        <a data-toggle=\"collapse\"  class='collapsed' href=\"#collapse31\">\u00d6DEME SE\u00c7ENEKLER\u0130M NELER?<\/a>\n                    <\/h4>\n                <\/div>\n                <div id=\"collapse31\" class=\"panel-collapse collapse\">\n                    <div class=\"panel-body\">[vc_column_text]\u00d6demelerinizi, tercihinize g\u00f6re iyzico \u00fczerinden kredi kart\u0131n\u0131zla veya havale\/eft se\u00e7ene\u011fiyle ger\u00e7ekle\u015ftirebilirsiniz. Ayr\u0131ca kap\u0131da \u00f6deme se\u00e7ene\u011fimiz de mevcuttur.[\/vc_column_text]<\/div>\n                <\/div>\n            <\/div><div class=\"panel\">\n                <div class=\"panel-heading\">\n                    <h4 class=\"panel-title\">\n                        <a data-toggle=\"collapse\"  class='collapsed' href=\"#collapse32\">S\u0130PAR\u0130\u015e ETT\u0130\u011e\u0130M \u00dcR\u00dcN KA\u00c7 G\u00dcN \u0130\u00c7\u0130NDE BANA ULA\u015eACAK?<\/a>\n                    <\/h4>\n                <\/div>\n                <div id=\"collapse32\" class=\"panel-collapse collapse\">\n                    <div class=\"panel-body\">[vc_column_text]Sipari\u015fler 3 ila 5 i\u015f g\u00fcn\u00fc i\u00e7erisinde kargoya verilecektir.[\/vc_column_text]<\/div>\n                <\/div>\n            <\/div><div class=\"panel\">\n                <div class=\"panel-heading\">\n                    <h4 class=\"panel-title\">\n                        <a data-toggle=\"collapse\"  class='collapsed' href=\"#collapse33\">KARGO TESL\u0130MATI SIRASINDA NELERE D\u0130KKAT ETMEL\u0130Y\u0130M?<\/a>\n                    <\/h4>\n                <\/div>\n                <div id=\"collapse33\" class=\"panel-collapse collapse\">\n                    <div class=\"panel-body\">[vc_column_text]Kargo size teslim edildi\u011finde kolide ezilme, deformasyon, \u0131slakl\u0131k ya da \u00fcr\u00fcne zarar verebilecek bir durum s\u00f6z konusu ise, kargo g\u00f6revlisi ile birlikte koliyi a\u00e7arak \u00fcr\u00fcnlerinizin durumunu kontrol ediniz. \u00dcr\u00fcnlerde bir hasar g\u00f6rd\u00fc\u011f\u00fcn\u00fcz durumda, \u00fcr\u00fcnleri teslim almay\u0131p kargo yetkilisinden tutanak tutmas\u0131n\u0131 isteyiniz. Tutanak tutulan \u00fcr\u00fcnler kargo firmas\u0131 taraf\u0131ndan Pariamasumi.com\u2019a ula\u015ft\u0131r\u0131lacak ve taraf\u0131m\u0131zdan \u00fcr\u00fcnlerin de\u011fi\u015fimi yap\u0131lacakt\u0131r.[\/vc_column_text]<\/div>\n                <\/div>\n            <\/div><div class=\"panel\">\n                <div class=\"panel-heading\">\n                    <h4 class=\"panel-title\">\n                        <a data-toggle=\"collapse\"  class='collapsed' href=\"#collapse34\">KARGO \u00dcCRET\u0130 \u00d6DEYECEK M\u0130Y\u0130M?<\/a>\n                    <\/h4>\n                <\/div>\n                <div id=\"collapse34\" class=\"panel-collapse collapse\">\n                    <div class=\"panel-body\">[vc_column_text]Kargo \u00fccreti; yurt i\u00e7i sipari\u015flerde sat\u0131c\u0131, yurt d\u0131\u015f\u0131 sipari\u015flerde al\u0131c\u0131 taraf\u0131ndan yap\u0131lacakt\u0131r.[\/vc_column_text]<\/div>\n                <\/div>\n            <\/div><div class=\"panel\">\n                <div class=\"panel-heading\">\n                    <h4 class=\"panel-title\">\n                        <a data-toggle=\"collapse\"  class='collapsed' href=\"#collapse35\">\u0130ADE G\u00d6NDER\u0130LER\u0130N\u0130 NASIL YAPAB\u0130L\u0130R\u0130M?<\/a>\n                    <\/h4>\n                <\/div>\n                <div id=\"collapse35\" class=\"panel-collapse collapse\">\n                    <div class=\"panel-body\">[vc_column_text]Pariamasumi.com sitesinden ald\u0131\u011f\u0131n\u0131z \u00fcr\u00fcn\u00fc; fatura tarihinden itibaren 14 g\u00fcn i\u00e7erisinde taraf\u0131m\u0131za mail yoluyla iade sebebinizi bildirerek, \u00fcr\u00fcn\u00fc eksiksiz ve hasars\u0131z bir \u015fekilde paketi ve faturas\u0131yla birlikte, anla\u015fmal\u0131 kargo firmam\u0131za (Ptt Kargo) \u015firketimizin m\u00fc\u015fteri koduyla birlikte iade edebilirsiniz. M\u00fc\u015fteri kodunu size mail yoluyla bildirece\u011fiz. Bizimle ileti\u015fime ge\u00e7ebilece\u011finiz mail adresimiz; info@pariamasumi.com[\/vc_column_text]<\/div>\n                <\/div>\n            <\/div><div class=\"panel\">\n                <div class=\"panel-heading\">\n                    <h4 class=\"panel-title\">\n                        <a data-toggle=\"collapse\"  class='collapsed' href=\"#collapse36\">\u0130ADE \u0130\u015eLEM S\u00dcRES\u0130 KA\u00c7 G\u00dcND\u00dcR?<\/a>\n                    <\/h4>\n                <\/div>\n                <div id=\"collapse36\" class=\"panel-collapse collapse\">\n                    <div class=\"panel-body\">[vc_column_text]\u0130ade iste\u011finiz taraf\u0131m\u0131za ula\u015ft\u0131ktan sonra 10 g\u00fcn i\u00e7erisinde para iadeniz bankan\u0131za yap\u0131lacakt\u0131r. Yaln\u0131z banka taraf\u0131ndan size yap\u0131lacak olan \u00f6deme bankan\u0131z\u0131n sorumlulu\u011funda oldu\u011fu i\u00e7in s\u00fcrenin uzamas\u0131 durumunda bankan\u0131zla g\u00f6r\u00fc\u015fmeniz gerekmektedir.[\/vc_column_text]<\/div>\n                <\/div>\n            <\/div><\/div>[\/vc_column][\/vc_row]<\/p>","protected":false},"excerpt":{"rendered":"<p>[vc_row css=&#8221;.vc_custom_1669839915529{margin-top: 35px !important;padding-bottom: 20px !important;}&#8221;][vc_column width=&#8221;1\/2&#8243;][vc_empty_space][vc_column_text] PARSON Adres: Me\u015frutiyet Mah. Hac\u0131mansur Sk. G\u00fcn Apt. No:25 D \u015ei\u015fli \/ \u0130stanbul Telefon: 0212 234 68 66 &#8211; 0534 854 6866 E-posta: info@parson.com Vergi Dairesi: MEC\u0130D\u0130YEK\u00d6Y VERG\u0130 DA\u0130RES\u0130 &#8211;\u00a0 722 101 24&#8230;<\/p>\n","protected":false},"author":1,"featured_media":0,"parent":0,"menu_order":0,"comment_status":"open","ping_status":"open","template":"","meta":[],"_links":{"self":[{"href":"https:\/\/www.parsonyar.com\/ar\/wp-json\/wp\/v2\/pages\/15"}],"collection":[{"href":"https:\/\/www.parsonyar.com\/ar\/wp-json\/wp\/v2\/pages"}],"about":[{"href":"https:\/\/www.parsonyar.com\/ar\/wp-json\/wp\/v2\/types\/page"}],"author":[{"embeddable":true,"href":"https:\/\/www.parsonyar.com\/ar\/wp-json\/wp\/v2\/users\/1"}],"replies":[{"embeddable":true,"href":"https:\/\/www.parsonyar.com\/ar\/wp-json\/wp\/v2\/comments?post=15"}],"version-history":[{"count":26,"href":"https:\/\/www.parsonyar.com\/ar\/wp-json\/wp\/v2\/pages\/15\/revisions"}],"predecessor-version":[{"id":1689,"href":"https:\/\/www.parsonyar.com\/ar\/wp-json\/wp\/v2\/pages\/15\/revisions\/1689"}],"wp:attachment":[{"href":"https:\/\/www.parsonyar.com\/ar\/wp-json\/wp\/v2\/media?parent=15"}],"curies":[{"name":"wp","href":"https:\/\/api.w.org\/{rel}","templated":true}]}}